{"id":431,"date":"2017-12-05T13:48:14","date_gmt":"2017-12-05T13:48:14","guid":{"rendered":"http:\/\/www.piolp.es\/?page_id=431"},"modified":"2018-02-23T09:18:31","modified_gmt":"2018-02-23T09:18:31","slug":"preguntas-frecuentes","status":"publish","type":"page","link":"https:\/\/www.piolp.es\/index.php\/preguntas-frecuentes\/","title":{"rendered":"Preguntas frecuentes"},"content":{"rendered":"<h4>\u00bfQu\u00e9 es un Plan Insular de Ordenaci\u00f3n?<\/h4>\n<p>Es un instrumento general de ordenaci\u00f3n de los recursos naturales y del territorio de cada isla, que determina la ordenaci\u00f3n estructural del espacio insular, define el modelo de organizaci\u00f3n y utilizaci\u00f3n del territorio para garantizar su desarrollo sostenible.<\/p>\n<h4>\u00bfQu\u00e9 se entiende por \u00f3rgano ambiental?<\/h4>\n<p>Es un \u00f3rgano de la Administraci\u00f3n p\u00fablica que realiza el an\u00e1lisis t\u00e9cnico de los expedientes de evaluaci\u00f3n ambiental.<\/p>\n<h4>\u00bfQu\u00e9 se entiende por Comisi\u00f3n de Evaluaci\u00f3n Ambiental de La Palma?<\/h4>\n<p>Es un \u00f3rgano de evaluaci\u00f3n ambiental actuante en los expedientes de evaluaci\u00f3n ambiental estrat\u00e9gica de planes y programas y de evaluaci\u00f3n ambiental de proyectos en el \u00e1mbito insular, o del municipal en caso de encomienda en virtud de convenio de cooperaci\u00f3n.<\/p>\n<h4>\u00bfQui\u00e9nes pueden presentar alegaciones en los procedimientos de aprobaci\u00f3n de los instrumentos de ordenaci\u00f3n territorial, urban\u00edstica y de los recursos naturales?<\/h4>\n<p>La ciudadan\u00eda tanto de forma individual como a trav\u00e9s de las entidades constituidas para la defensa de sus intereses y valores.<\/p>\n<h4>\u00bfEn qu\u00e9 plazo se puede presentar las alegaciones?<\/h4>\n<p>Durante el establecido en los per\u00edodos de informaci\u00f3n p\u00fablica que se indicar\u00e1n en los anuncios en el bolet\u00edn oficial correspondiente, peri\u00f3dico de mayor difusi\u00f3n y en la sede electr\u00f3nica del Cabildo.<\/p>\n<h4>\u00bfEn qu\u00e9 lugar se puede presentar las alegaciones?<\/h4>\n<p>En los Registros de la Corporaci\u00f3n Insular o en la forma prevista en los apartados b) a e) del <strong><a href=\"https:\/\/www.boe.es\/buscar\/act.php?id=BOE-A-2015-10565\">art\u00edculo 16.4 de la Ley 39\/2015, de 1 de octubre<\/a><\/strong>, del Procedimiento Administrativo Com\u00fan de las Administraciones P\u00fablicas, en consonancia con la <strong><a href=\"https:\/\/www.boe.es\/buscar\/act.php?id=BOE-A-2015-10565\">Disposici\u00f3n Transitoria Cuarta<\/a><\/strong> del mismo texto legal.<\/p>\n<ul>\n<li>En las Oficinas de Informaci\u00f3n y Atenci\u00f3n Ciudadana de este Cabildo Insular:\n<ul>\n<li>Santa Cruz de La Palma, en Avenida Mar\u00edtima, n\u00ba 3, bajo. (Telf: 922 42 31 00)<\/li>\n<li>Los Llanos de Aridane, Plaza Llano de Argual, n\u00ba 31. (Telf: 922 42 31 00)<\/li>\n<li>En el Registro auxiliar del Servicio de Planificaci\u00f3n, en Avenida Mar\u00edtima, n\u00ba 34, en la tercera planta del Antiguo Parador de Turismo, S\/C de La Palma.<\/li>\n<\/ul>\n<\/li>\n<li>En el Registro desconcentrado de San Andr\u00e9s y Sauces, en C\/ Juan Carlos I, 3.- San Andr\u00e9s y Sauces.<\/li>\n<\/ul>\n<h4>\u00bfD\u00f3nde se podr\u00e1 consultar o examinar los documentos y expedientes?<\/h4>\n<p>La documentaci\u00f3n objeto de alegaci\u00f3n se pondr\u00e1 a disposici\u00f3n del p\u00fablico, en soporte papel en las dependencias del Cabildo, en Santa Cruz de La Palma, en Avenida Mar\u00edtima, n\u00ba 34, en la tercera planta del Antiguo Parador de Turismo, en horario de 9:00 a 14:00, de lunes a viernes, excepto festivos, \u00a0y en soporte digital a trav\u00e9s de la p\u00e1gina web de la Corporaci\u00f3n Insular.<\/p>\n","protected":false},"excerpt":{"rendered":"<p>\u00bfQu\u00e9 es un Plan Insular de Ordenaci\u00f3n? Es un instrumento general de ordenaci\u00f3n de los recursos naturales y del territorio de cada isla, que determina la ordenaci\u00f3n estructural del espacio insular, define el modelo de organizaci\u00f3n y utilizaci\u00f3n del territorio para garantizar su desarrollo sostenible. \u00bfQu\u00e9 se entiende por \u00f3rgano ambiental? Es un \u00f3rgano de [&hellip;]<\/p>\n","protected":false},"author":1,"featured_media":0,"parent":0,"menu_order":0,"comment_status":"closed","ping_status":"closed","template":"","meta":{"pgc_meta":"","_monsterinsights_skip_tracking":false,"_monsterinsights_sitenote_active":false,"_monsterinsights_sitenote_note":"","_monsterinsights_sitenote_category":0,"footnotes":""},"pgc_meta":"","_links":{"self":[{"href":"https:\/\/www.piolp.es\/index.php\/wp-json\/wp\/v2\/pages\/431"}],"collection":[{"href":"https:\/\/www.piolp.es\/index.php\/wp-json\/wp\/v2\/pages"}],"about":[{"href":"https:\/\/www.piolp.es\/index.php\/wp-json\/wp\/v2\/types\/page"}],"author":[{"embeddable":true,"href":"https:\/\/www.piolp.es\/index.php\/wp-json\/wp\/v2\/users\/1"}],"replies":[{"embeddable":true,"href":"https:\/\/www.piolp.es\/index.php\/wp-json\/wp\/v2\/comments?post=431"}],"version-history":[{"count":8,"href":"https:\/\/www.piolp.es\/index.php\/wp-json\/wp\/v2\/pages\/431\/revisions"}],"predecessor-version":[{"id":680,"href":"https:\/\/www.piolp.es\/index.php\/wp-json\/wp\/v2\/pages\/431\/revisions\/680"}],"wp:attachment":[{"href":"https:\/\/www.piolp.es\/index.php\/wp-json\/wp\/v2\/media?parent=431"}],"curies":[{"name":"wp","href":"https:\/\/api.w.org\/{rel}","templated":true}]}}